{"id":1445,"date":"2021-09-07T14:55:46","date_gmt":"2021-09-07T14:55:46","guid":{"rendered":"https:\/\/service.salesmakers.be\/acceuil\/"},"modified":"2022-07-04T12:49:29","modified_gmt":"2022-07-04T12:49:29","slug":"acceuil","status":"publish","type":"page","link":"https:\/\/service.salesmakers.be\/fr\/acceuil\/","title":{"rendered":"Acceuil"},"content":{"rendered":"\t\t<div data-elementor-type=\"wp-page\" data-elementor-id=\"1445\" class=\"elementor elementor-1445\" data-elementor-post-type=\"page\">\n\t\t\t\t\t\t<section class=\"elementor-section elementor-top-section elementor-element elementor-element-db28f43 elementor-section-boxed elementor-section-height-default elementor-section-height-default\" data-id=\"db28f43\" data-element_type=\"section\" data-settings=\"{&quot;background_background&quot;:&quot;classic&quot;,&quot;ekit_has_onepagescroll_dot&quot;:&quot;yes&quot;}\">\n\t\t\t\t\t\t<div class=\"elementor-container elementor-column-gap-no\">\n\t\t\t\t\t<div class=\"elementor-column elementor-col-100 elementor-top-column elementor-element elementor-element-c047c52\" data-id=\"c047c52\" data-element_type=\"column\">\n\t\t\t<div class=\"elementor-widget-wrap elementor-element-populated\">\n\t\t\t\t\t\t<div class=\"elementor-element elementor-element-44150f86 elementor-widget__width-initial elementor-invisible elementor-widget elementor-widget-heading\" data-id=\"44150f86\" data-element_type=\"widget\" data-settings=\"{&quot;_animation&quot;:&quot;fadeInUp&quot;,&quot;ekit_we_effect_on&quot;:&quot;none&quot;}\" data-widget_type=\"heading.default\">\n\t\t\t\t<div class=\"elementor-widget-container\">\n\t\t\t\t\t<h1 class=\"elementor-heading-title elementor-size-default\">Service<\/h1>\t\t\t\t<\/div>\n\t\t\t\t<\/div>\n\t\t\t\t<div class=\"elementor-element elementor-element-3515f12b elementor-widget__width-initial elementor-invisible elementor-widget elementor-widget-text-editor\" data-id=\"3515f12b\" data-element_type=\"widget\" data-settings=\"{&quot;_animation&quot;:&quot;fadeInUp&quot;,&quot;_animation_delay&quot;:400,&quot;ekit_we_effect_on&quot;:&quot;none&quot;}\" data-widget_type=\"text-editor.default\">\n\t\t\t\t<div class=\"elementor-widget-container\">\n\t\t\t\t\t\t\t\t\tToujours \u00e0 votre service\t\t\t\t\t\t\t\t<\/div>\n\t\t\t\t<\/div>\n\t\t\t\t<div class=\"elementor-element elementor-element-16072a76 elementor-invisible elementor-widget elementor-widget-elementskit-creative-button\" data-id=\"16072a76\" data-element_type=\"widget\" data-settings=\"{&quot;_animation&quot;:&quot;fadeInUp&quot;,&quot;_animation_delay&quot;:600,&quot;ekit_we_effect_on&quot;:&quot;none&quot;}\" data-widget_type=\"elementskit-creative-button.default\">\n\t\t\t\t<div class=\"elementor-widget-container\">\n\t\t\t\t\t<div class=\"ekit-wid-con\" >\t\t<div class=\"ekit-btn-wraper\">\n\t\t\t\t\t\t\t\t<a href=\"https:\/\/service.breex.nl\" target=\"_blank\" class=\"ekit_creative_button ekit_slide_bg ekit_slide_text_left ekit_slide_icon\" id=\"\" style=\"flex-direction: row;\" data-text=\"\" rel=\"noopener\">\n\t\t\t\t\t\t<span class=\"ekit_creative_button_icon_wrapper\">\n\t\t\t\t\t\t<i aria-hidden=\"true\" class=\"ekit_creative_button_icon_before icon icon-arrow-right\"><\/i>\t\t\t\t\t\t<\/span>\n\n\t\t\t\t\t\t<span class=\"ekit_creative_button_text\">Service Pays-Bas<\/span>\n\n\t\t\t\t\t\t\t\t\t\t\t<\/a>\n\t\t\t\t\t\t<\/div>\n        <\/div>\t\t\t\t<\/div>\n\t\t\t\t<\/div>\n\t\t\t\t\t<\/div>\n\t\t<\/div>\n\t\t\t\t\t<\/div>\n\t\t<\/section>\n\t\t\t\t<section class=\"elementor-section elementor-top-section elementor-element elementor-element-53c65cc6 elementor-section-height-min-height elementor-section-boxed elementor-section-height-default elementor-section-items-middle\" data-id=\"53c65cc6\" data-element_type=\"section\" data-settings=\"{&quot;background_background&quot;:&quot;classic&quot;,&quot;ekit_has_onepagescroll_dot&quot;:&quot;yes&quot;}\">\n\t\t\t\t\t\t<div class=\"elementor-container elementor-column-gap-default\">\n\t\t\t\t\t<div class=\"elementor-column elementor-col-100 elementor-top-column elementor-element elementor-element-55580829\" data-id=\"55580829\" data-element_type=\"column\">\n\t\t\t<div class=\"elementor-widget-wrap elementor-element-populated\">\n\t\t\t\t\t\t<div class=\"elementor-element elementor-element-4545ac9 elementor-widget elementor-widget-heading\" data-id=\"4545ac9\" data-element_type=\"widget\" data-settings=\"{&quot;ekit_we_effect_on&quot;:&quot;none&quot;}\" data-widget_type=\"heading.default\">\n\t\t\t\t<div class=\"elementor-widget-container\">\n\t\t\t\t\t<h2 class=\"elementor-heading-title elementor-size-default\">Besoin d'aide ?<\/h2>\t\t\t\t<\/div>\n\t\t\t\t<\/div>\n\t\t\t\t<div class=\"elementor-element elementor-element-e2ea784 elementor-widget__width-initial elementor-invisible elementor-widget elementor-widget-text-editor\" data-id=\"e2ea784\" data-element_type=\"widget\" data-settings=\"{&quot;_animation&quot;:&quot;fadeInUp&quot;,&quot;ekit_we_effect_on&quot;:&quot;none&quot;}\" data-widget_type=\"text-editor.default\">\n\t\t\t\t<div class=\"elementor-widget-container\">\n\t\t\t\t\t\t\t\t\tVeuillez remplir ce formulaire et notre personnel vous aidera d\u00e8s que possible.\t\t\t\t\t\t\t\t<\/div>\n\t\t\t\t<\/div>\n\t\t\t\t<div class=\"elementor-element elementor-element-874790f elementor-widget elementor-widget-shortcode\" data-id=\"874790f\" data-element_type=\"widget\" data-settings=\"{&quot;ekit_we_effect_on&quot;:&quot;none&quot;}\" data-widget_type=\"shortcode.default\">\n\t\t\t\t<div class=\"elementor-widget-container\">\n\t\t\t\t\t\t\t<div class=\"elementor-shortcode\">\n<div class=\"wpcf7 no-js\" id=\"wpcf7-f1447-o1\" lang=\"nl-NL\" dir=\"ltr\" data-wpcf7-id=\"1447\">\n<div class=\"screen-reader-response\"><p role=\"status\" aria-live=\"polite\" aria-atomic=\"true\"><\/p> <ul><\/ul><\/div>\n<form action=\"\/fr\/wp-json\/wp\/v2\/pages\/1445#wpcf7-f1447-o1\" method=\"post\" class=\"wpcf7-form init\" aria-label=\"Contactformulier\" enctype=\"multipart\/form-data\" novalidate=\"novalidate\" data-status=\"init\">\n<fieldset class=\"hidden-fields-container\"><input type=\"hidden\" name=\"_wpcf7\" value=\"1447\" \/><input type=\"hidden\" name=\"_wpcf7_version\" value=\"6.1.5\" \/><input type=\"hidden\" name=\"_wpcf7_locale\" value=\"nl_NL\" \/><input type=\"hidden\" name=\"_wpcf7_unit_tag\" value=\"wpcf7-f1447-o1\" \/><input type=\"hidden\" name=\"_wpcf7_container_post\" value=\"0\" \/><input type=\"hidden\" name=\"_wpcf7_posted_data_hash\" value=\"\" \/><input type=\"hidden\" name=\"_wpcf7cf_hidden_group_fields\" value=\"[]\" \/><input type=\"hidden\" name=\"_wpcf7cf_hidden_groups\" value=\"[]\" \/><input type=\"hidden\" name=\"_wpcf7cf_visible_groups\" value=\"[]\" \/><input type=\"hidden\" name=\"_wpcf7cf_repeaters\" value=\"[]\" \/><input type=\"hidden\" name=\"_wpcf7cf_steps\" value=\"{}\" \/><input type=\"hidden\" name=\"_wpcf7cf_options\" value=\"{&quot;form_id&quot;:1447,&quot;conditions&quot;:[{&quot;then_field&quot;:&quot;commandedetoner&quot;,&quot;and_rules&quot;:[{&quot;if_field&quot;:&quot;menu-655&quot;,&quot;operator&quot;:&quot;equals&quot;,&quot;if_value&quot;:&quot;Commande de toner&quot;}]},{&quot;then_field&quot;:&quot;servicebreex&quot;,&quot;and_rules&quot;:[{&quot;if_field&quot;:&quot;menu-655&quot;,&quot;operator&quot;:&quot;equals&quot;,&quot;if_value&quot;:&quot;Imprimante multifonctionnelle&quot;}]},{&quot;then_field&quot;:&quot;brxserver&quot;,&quot;and_rules&quot;:[{&quot;if_field&quot;:&quot;menu-655&quot;,&quot;operator&quot;:&quot;equals&quot;,&quot;if_value&quot;:&quot;BRX Server&quot;}]},{&quot;then_field&quot;:&quot;servicemybreex&quot;,&quot;and_rules&quot;:[{&quot;if_field&quot;:&quot;menu-655&quot;,&quot;operator&quot;:&quot;equals&quot;,&quot;if_value&quot;:&quot;MYBREEX&quot;}]}],&quot;settings&quot;:{&quot;animation&quot;:&quot;yes&quot;,&quot;animation_intime&quot;:200,&quot;animation_outtime&quot;:200,&quot;conditions_ui&quot;:&quot;normal&quot;,&quot;notice_dismissed&quot;:false,&quot;notice_dismissed_rollback-cf7-6.1.4&quot;:true}}\" \/><input type=\"hidden\" name=\"_wpcf7_recaptcha_response\" value=\"\" \/>\n<\/fieldset>\n<p><span class=\"wpcf7-form-control-wrap\" data-name=\"menu-655\"><select class=\"wpcf7-form-control wpcf7-select wpcf7-validates-as-required\" aria-required=\"true\" aria-invalid=\"false\" name=\"menu-655\"><option value=\"\">Service pour*<\/option><option value=\"Commande de toner\">Commande de toner<\/option><option value=\"Imprimante multifonctionnelle\">Imprimante multifonctionnelle<\/option><option value=\"MYBREEX\">MYBREEX<\/option><option value=\"BRX Server\">BRX Server<\/option><\/select><\/span><br \/>\n<span class=\"wpcf7-form-control-wrap\" data-name=\"your-company\"><input size=\"40\" maxlength=\"400\" class=\"wpcf7-form-control wpcf7-text wpcf7-validates-as-required\" aria-required=\"true\" aria-invalid=\"false\" placeholder=\"Soci\u00e9t\u00e9 *\" value=\"\" type=\"text\" name=\"your-company\" \/><\/span><br \/>\n<span class=\"wpcf7-form-control-wrap\" data-name=\"your-name\"><input size=\"40\" maxlength=\"400\" class=\"wpcf7-form-control wpcf7-text wpcf7-validates-as-required\" aria-required=\"true\" aria-invalid=\"false\" placeholder=\"Personne de contact *\" value=\"\" type=\"text\" name=\"your-name\" \/><\/span><br \/>\n<span class=\"wpcf7-form-control-wrap\" data-name=\"email-840\"><input size=\"40\" maxlength=\"400\" class=\"wpcf7-form-control wpcf7-email wpcf7-validates-as-required wpcf7-text wpcf7-validates-as-email\" aria-required=\"true\" aria-invalid=\"false\" placeholder=\"Adresse e-mail *\" value=\"\" type=\"email\" name=\"email-840\" \/><\/span><br \/>\n<span class=\"wpcf7-form-control-wrap\" data-name=\"tel-434\"><input size=\"40\" maxlength=\"400\" class=\"wpcf7-form-control wpcf7-tel wpcf7-validates-as-required wpcf7-text wpcf7-validates-as-tel\" aria-required=\"true\" aria-invalid=\"false\" placeholder=\"Num\u00e9ro de t\u00e9l\u00e9phone *\" value=\"\" type=\"tel\" name=\"tel-434\" \/><\/span>\n<\/p>\n<div data-id=\"commandedetoner\" data-orig_data_id=\"commandedetoner\"  class=\"\" data-class=\"wpcf7cf_group\">\n\t<p><b>Adresse o\u00f9 le toner est n\u00e9cessaire<\/b>\n\t<\/p>\n\t<p><span class=\"wpcf7-form-control-wrap\" data-name=\"your-street1\"><input size=\"40\" maxlength=\"400\" class=\"wpcf7-form-control wpcf7-text wpcf7-validates-as-required\" aria-required=\"true\" aria-invalid=\"false\" placeholder=\"Rue + Num\u00e9ro *\" value=\"\" type=\"text\" name=\"your-street1\" \/><\/span><br \/>\n<span class=\"wpcf7-form-control-wrap\" data-name=\"your-postcode1\"><input size=\"40\" maxlength=\"400\" class=\"wpcf7-form-control wpcf7-text wpcf7-validates-as-required\" aria-required=\"true\" aria-invalid=\"false\" placeholder=\"Code postal + Commune *\" value=\"\" type=\"text\" name=\"your-postcode1\" \/><\/span><br \/>\n<b>De quel(s) toner(s) avez-vous besoin (indiquez)?*<\/b>\n\t<\/p>\n\t<p><span class=\"wpcf7-form-control-wrap\" data-name=\"checkbox-409\"><span class=\"wpcf7-form-control wpcf7-checkbox wpcf7-validates-as-required\"><span class=\"wpcf7-list-item first\"><input type=\"checkbox\" name=\"checkbox-409[]\" value=\"Cyan\" \/><span class=\"wpcf7-list-item-label\">Cyan<\/span><\/span><span class=\"wpcf7-list-item\"><input type=\"checkbox\" name=\"checkbox-409[]\" value=\"Magenta\" \/><span class=\"wpcf7-list-item-label\">Magenta<\/span><\/span><span class=\"wpcf7-list-item\"><input type=\"checkbox\" name=\"checkbox-409[]\" value=\"Jaune\" \/><span class=\"wpcf7-list-item-label\">Jaune<\/span><\/span><span class=\"wpcf7-list-item\"><input type=\"checkbox\" name=\"checkbox-409[]\" value=\"Noir\" \/><span class=\"wpcf7-list-item-label\">Noir<\/span><\/span><span class=\"wpcf7-list-item last\"><input type=\"checkbox\" name=\"checkbox-409[]\" value=\"Waste toner\" \/><span class=\"wpcf7-list-item-label\">Waste toner<\/span><\/span><\/span><\/span>\n\t<\/p>\n\t<p><b>Informations sur l'appareil<\/b>\n\t<\/p>\n\t<p><span class=\"wpcf7-form-control-wrap\" data-name=\"your-printertype1\"><input size=\"40\" maxlength=\"400\" class=\"wpcf7-form-control wpcf7-text\" aria-invalid=\"false\" placeholder=\"Type d&#039;imprimante\" value=\"\" type=\"text\" name=\"your-printertype1\" \/><\/span>\n\t<\/p>\n<\/div>\n<div data-id=\"servicebreex\" data-orig_data_id=\"servicebreex\"  class=\"\" data-class=\"wpcf7cf_group\">\n\t<p><b>Adresse o\u00f9 le service est requis<\/b>\n\t<\/p>\n\t<p><span class=\"wpcf7-form-control-wrap\" data-name=\"your-street2\"><input size=\"40\" maxlength=\"400\" class=\"wpcf7-form-control wpcf7-text wpcf7-validates-as-required\" aria-required=\"true\" aria-invalid=\"false\" placeholder=\"Rue + Num\u00e9ro *\" value=\"\" type=\"text\" name=\"your-street2\" \/><\/span><br \/>\n<span class=\"wpcf7-form-control-wrap\" data-name=\"your-postcode2\"><input size=\"40\" maxlength=\"400\" class=\"wpcf7-form-control wpcf7-text wpcf7-validates-as-required\" aria-required=\"true\" aria-invalid=\"false\" placeholder=\"Code postal + Commune *\" value=\"\" type=\"text\" name=\"your-postcode2\" \/><\/span><br \/>\n<b>Informations sur l'appareil<\/b>\n\t<\/p>\n\t<p><span class=\"wpcf7-form-control-wrap\" data-name=\"your-printertype2\"><input size=\"40\" maxlength=\"400\" class=\"wpcf7-form-control wpcf7-text\" aria-invalid=\"false\" placeholder=\"Type d&#039;imprimante\" value=\"\" type=\"text\" name=\"your-printertype2\" \/><\/span><br \/>\n<span class=\"wpcf7-form-control-wrap\" data-name=\"your-foutcode1\"><input size=\"40\" maxlength=\"400\" class=\"wpcf7-form-control wpcf7-text\" aria-invalid=\"false\" placeholder=\"Code d&#039;erreur \u00e9ventuel\" value=\"\" type=\"text\" name=\"your-foutcode1\" \/><\/span><br \/>\n<b>Photos\/annexes<\/b>\n\t<\/p>\n\t<p><span class=\"wpcf7-form-control-wrap\" data-name=\"your-file\"><input size=\"40\" class=\"wpcf7-form-control wpcf7-file\" accept=\".png,.jpg,.jpeg,.pdf\" aria-invalid=\"false\" type=\"file\" name=\"your-file\" \/><\/span><br \/>\n<span class=\"wpcf7-form-control-wrap\" data-name=\"your-another-file\"><input size=\"40\" class=\"wpcf7-form-control wpcf7-file\" accept=\".png,.jpg,.jpeg,.pdf\" aria-invalid=\"false\" type=\"file\" name=\"your-another-file\" \/><\/span>\n\t<\/p>\n<\/div>\n<div data-id=\"servicemybreex\" data-orig_data_id=\"servicemybreex\"  class=\"\" data-class=\"wpcf7cf_group\">\n<\/div>\n<div data-id=\"brxserver\" data-orig_data_id=\"brxserver\"  class=\"\" data-class=\"wpcf7cf_group\">\n\t<p><b>Adresse o\u00f9 le service est requis<\/b>\n\t<\/p>\n\t<p><span class=\"wpcf7-form-control-wrap\" data-name=\"your-street3\"><input size=\"40\" maxlength=\"400\" class=\"wpcf7-form-control wpcf7-text wpcf7-validates-as-required\" aria-required=\"true\" aria-invalid=\"false\" placeholder=\"Rue + Num\u00e9ro *\" value=\"\" type=\"text\" name=\"your-street3\" \/><\/span><br \/>\n<span class=\"wpcf7-form-control-wrap\" data-name=\"your-postcode3\"><input size=\"40\" maxlength=\"400\" class=\"wpcf7-form-control wpcf7-text wpcf7-validates-as-required\" aria-required=\"true\" aria-invalid=\"false\" placeholder=\"Code postal + Commune *\" value=\"\" type=\"text\" name=\"your-postcode3\" \/><\/span>\n\t<\/p>\n<\/div>\n<p><span class=\"wpcf7-form-control-wrap\" data-name=\"your-opmerkingen\"><textarea cols=\"40\" rows=\"10\" maxlength=\"2000\" class=\"wpcf7-form-control wpcf7-textarea\" aria-invalid=\"false\" placeholder=\"Commentaires\/description du probl\u00e8me:\" name=\"your-opmerkingen\"><\/textarea><\/span>\n<\/p>\n<p><span class=\"wpcf7-form-control-wrap\" data-name=\"acceptance-300\"><span class=\"wpcf7-form-control wpcf7-acceptance\"><span class=\"wpcf7-list-item\"><label><input type=\"checkbox\" name=\"acceptance-300\" value=\"1\" aria-invalid=\"false\" \/><span class=\"wpcf7-list-item-label\">Je comprends que ce formulaire recueille mes informations afin que l'on puisse me contacter.<\/span><\/label><\/span><\/span><\/span>\n<\/p>\n<p><input class=\"wpcf7-form-control wpcf7-submit has-spinner\" type=\"submit\" value=\"Envoyer\" \/>\n<\/p><div class=\"wpcf7-response-output\" aria-hidden=\"true\"><\/div>\n<\/form>\n<\/div>\n<\/div>\n\t\t\t\t\t\t<\/div>\n\t\t\t\t<\/div>\n\t\t\t\t\t<\/div>\n\t\t<\/div>\n\t\t\t\t\t<\/div>\n\t\t<\/section>\n\t\t\t\t<section class=\"elementor-section elementor-top-section elementor-element elementor-element-0ba5ec0 elementor-section-content-middle elementor-section-boxed elementor-section-height-default elementor-section-height-default\" data-id=\"0ba5ec0\" data-element_type=\"section\" data-settings=\"{&quot;background_background&quot;:&quot;classic&quot;,&quot;ekit_has_onepagescroll_dot&quot;:&quot;yes&quot;}\">\n\t\t\t\t\t\t<div class=\"elementor-container elementor-column-gap-no\">\n\t\t\t\t\t<div class=\"elementor-column elementor-col-33 elementor-top-column elementor-element elementor-element-5092b7d\" data-id=\"5092b7d\" data-element_type=\"column\">\n\t\t\t<div class=\"elementor-widget-wrap elementor-element-populated\">\n\t\t\t\t\t\t<div class=\"elementor-element elementor-element-295eda8e elementor-widget__width-initial elementor-widget-divider--view-line elementor-widget elementor-widget-divider\" data-id=\"295eda8e\" data-element_type=\"widget\" data-settings=\"{&quot;ekit_we_effect_on&quot;:&quot;none&quot;}\" data-widget_type=\"divider.default\">\n\t\t\t\t<div class=\"elementor-widget-container\">\n\t\t\t\t\t\t\t<div class=\"elementor-divider\">\n\t\t\t<span class=\"elementor-divider-separator\">\n\t\t\t\t\t\t<\/span>\n\t\t<\/div>\n\t\t\t\t\t\t<\/div>\n\t\t\t\t<\/div>\n\t\t\t\t<div class=\"elementor-element elementor-element-a1051cc elementor-widget__width-initial elementor-widget elementor-widget-text-editor\" data-id=\"a1051cc\" data-element_type=\"widget\" data-settings=\"{&quot;ekit_we_effect_on&quot;:&quot;none&quot;}\" data-widget_type=\"text-editor.default\">\n\t\t\t\t<div class=\"elementor-widget-container\">\n\t\t\t\t\t\t\t\t\t<p>Service<\/p>\t\t\t\t\t\t\t\t<\/div>\n\t\t\t\t<\/div>\n\t\t\t\t<div class=\"elementor-element elementor-element-2a1994cb elementor-widget elementor-widget-heading\" data-id=\"2a1994cb\" data-element_type=\"widget\" data-settings=\"{&quot;ekit_we_effect_on&quot;:&quot;none&quot;}\" data-widget_type=\"heading.default\">\n\t\t\t\t<div class=\"elementor-widget-container\">\n\t\t\t\t\t<h2 class=\"elementor-heading-title elementor-size-default\"><span>Plus de 100 employ\u00e9s<\/span> \u00e0 votre service<\/h2>\t\t\t\t<\/div>\n\t\t\t\t<\/div>\n\t\t\t\t<div class=\"elementor-element elementor-element-275381bd elementor-tablet-align-center elementor-widget__width-initial elementor-widget elementor-widget-button\" data-id=\"275381bd\" data-element_type=\"widget\" data-settings=\"{&quot;ekit_we_effect_on&quot;:&quot;none&quot;}\" data-widget_type=\"button.default\">\n\t\t\t\t<div class=\"elementor-widget-container\">\n\t\t\t\t\t\t\t\t\t<div class=\"elementor-button-wrapper\">\n\t\t\t\t\t<a class=\"elementor-button elementor-button-link elementor-size-sm\" href=\"http:\/\/salesmakers.be\/jobs\" target=\"_blank\" rel=\"noopener\">\n\t\t\t\t\t\t<span class=\"elementor-button-content-wrapper\">\n\t\t\t\t\t\t<span class=\"elementor-button-icon\">\n\t\t\t\t<i aria-hidden=\"true\" class=\"icon icon-right-arrow\"><\/i>\t\t\t<\/span>\n\t\t\t\t\t\t\t\t\t<span class=\"elementor-button-text\">Postuler<\/span>\n\t\t\t\t\t<\/span>\n\t\t\t\t\t<\/a>\n\t\t\t\t<\/div>\n\t\t\t\t\t\t\t\t<\/div>\n\t\t\t\t<\/div>\n\t\t\t\t\t<\/div>\n\t\t<\/div>\n\t\t\t\t<div class=\"elementor-column elementor-col-33 elementor-top-column elementor-element elementor-element-6c7a0057\" data-id=\"6c7a0057\" data-element_type=\"column\">\n\t\t\t<div class=\"elementor-widget-wrap elementor-element-populated\">\n\t\t\t\t\t\t<div class=\"elementor-element elementor-element-1b673d4e elementor-widget elementor-widget-image\" data-id=\"1b673d4e\" data-element_type=\"widget\" data-settings=\"{&quot;ekit_we_effect_on&quot;:&quot;none&quot;}\" data-widget_type=\"image.default\">\n\t\t\t\t<div class=\"elementor-widget-container\">\n\t\t\t\t\t\t\t\t\t\t\t\t\t\t\t<img fetchpriority=\"high\" decoding=\"async\" width=\"2560\" height=\"1707\" src=\"https:\/\/service.salesmakers.be\/wp-content\/uploads\/2022\/02\/iso800-Breex-278-scaled-1.jpg\" class=\"elementor-animation-grow attachment-full size-full wp-image-1430\" alt=\"\" srcset=\"https:\/\/service.salesmakers.be\/wp-content\/uploads\/2022\/02\/iso800-Breex-278-scaled-1.jpg 2560w, https:\/\/service.salesmakers.be\/wp-content\/uploads\/2022\/02\/iso800-Breex-278-scaled-1-300x200.jpg 300w, https:\/\/service.salesmakers.be\/wp-content\/uploads\/2022\/02\/iso800-Breex-278-scaled-1-1024x683.jpg 1024w, https:\/\/service.salesmakers.be\/wp-content\/uploads\/2022\/02\/iso800-Breex-278-scaled-1-768x512.jpg 768w, https:\/\/service.salesmakers.be\/wp-content\/uploads\/2022\/02\/iso800-Breex-278-scaled-1-1536x1024.jpg 1536w, https:\/\/service.salesmakers.be\/wp-content\/uploads\/2022\/02\/iso800-Breex-278-scaled-1-2048x1366.jpg 2048w\" sizes=\"(max-width: 2560px) 100vw, 2560px\" \/>\t\t\t\t\t\t\t\t\t\t\t\t\t\t\t<\/div>\n\t\t\t\t<\/div>\n\t\t\t\t<div class=\"elementor-element elementor-element-5ada19a8 elementor-widget__width-initial elementor-invisible elementor-widget elementor-widget-text-editor\" data-id=\"5ada19a8\" data-element_type=\"widget\" data-settings=\"{&quot;_animation&quot;:&quot;fadeInUp&quot;,&quot;ekit_we_effect_on&quot;:&quot;none&quot;}\" data-widget_type=\"text-editor.default\">\n\t\t\t\t<div class=\"elementor-widget-container\">\n\t\t\t\t\t\t\t\t\tNos collaborateurs passionn\u00e9s sont toujours \u00e0 votre disposition pour vous aider.\t\t\t\t\t\t\t\t<\/div>\n\t\t\t\t<\/div>\n\t\t\t\t\t<\/div>\n\t\t<\/div>\n\t\t\t\t<div class=\"elementor-column elementor-col-33 elementor-top-column elementor-element elementor-element-92be5b4\" data-id=\"92be5b4\" data-element_type=\"column\">\n\t\t\t<div class=\"elementor-widget-wrap elementor-element-populated\">\n\t\t\t\t\t\t<div class=\"elementor-element elementor-element-4d4630dc elementor-widget__width-initial elementor-invisible elementor-widget elementor-widget-text-editor\" data-id=\"4d4630dc\" data-element_type=\"widget\" data-settings=\"{&quot;_animation&quot;:&quot;fadeInUp&quot;,&quot;ekit_we_effect_on&quot;:&quot;none&quot;}\" data-widget_type=\"text-editor.default\">\n\t\t\t\t<div class=\"elementor-widget-container\">\n\t\t\t\t\t\t\t\t\tAfin de traiter des milliers de clients de mani\u00e8re \u00e9quitable et correcte, nous vous demandons de remplir le formulaire ci-dessus de la mani\u00e8re la plus pr\u00e9cise possible. Un de nos coll\u00e8gues vous contactera d\u00e8s que ce sera votre tour.\t\t\t\t\t\t\t\t<\/div>\n\t\t\t\t<\/div>\n\t\t\t\t<div class=\"elementor-element elementor-element-652500c5 elementor-widget elementor-widget-image\" data-id=\"652500c5\" data-element_type=\"widget\" data-settings=\"{&quot;ekit_we_effect_on&quot;:&quot;none&quot;}\" data-widget_type=\"image.default\">\n\t\t\t\t<div class=\"elementor-widget-container\">\n\t\t\t\t\t\t\t\t\t\t\t\t\t\t\t<img decoding=\"async\" width=\"2560\" height=\"1707\" data-src=\"https:\/\/service.salesmakers.be\/wp-content\/uploads\/2022\/02\/iso800-Breex-39-scaled-1.jpg\" class=\"elementor-animation-grow attachment-full size-full wp-image-1432 lazyload\" alt=\"\" data-srcset=\"https:\/\/service.salesmakers.be\/wp-content\/uploads\/2022\/02\/iso800-Breex-39-scaled-1.jpg 2560w, https:\/\/service.salesmakers.be\/wp-content\/uploads\/2022\/02\/iso800-Breex-39-scaled-1-300x200.jpg 300w, https:\/\/service.salesmakers.be\/wp-content\/uploads\/2022\/02\/iso800-Breex-39-scaled-1-1024x683.jpg 1024w, https:\/\/service.salesmakers.be\/wp-content\/uploads\/2022\/02\/iso800-Breex-39-scaled-1-768x512.jpg 768w, https:\/\/service.salesmakers.be\/wp-content\/uploads\/2022\/02\/iso800-Breex-39-scaled-1-1536x1024.jpg 1536w, https:\/\/service.salesmakers.be\/wp-content\/uploads\/2022\/02\/iso800-Breex-39-scaled-1-2048x1366.jpg 2048w\" data-sizes=\"(max-width: 2560px) 100vw, 2560px\" src=\"data:image\/svg+xml;base64,PHN2ZyB3aWR0aD0iMSIgaGVpZ2h0PSIxIiB4bWxucz0iaHR0cDovL3d3dy53My5vcmcvMjAwMC9zdmciPjwvc3ZnPg==\" style=\"--smush-placeholder-width: 2560px; --smush-placeholder-aspect-ratio: 2560\/1707;\" \/>\t\t\t\t\t\t\t\t\t\t\t\t\t\t\t<\/div>\n\t\t\t\t<\/div>\n\t\t\t\t\t<\/div>\n\t\t<\/div>\n\t\t\t\t\t<\/div>\n\t\t<\/section>\n\t\t\t\t<\/div>\n\t\t","protected":false},"excerpt":{"rendered":"<p>Service Toujours \u00e0 votre service Service Pays-Bas Besoin d&rsquo;aide ? Veuillez remplir ce formulaire et notre personnel vous aidera d\u00e8s que possible. Service Plus de 100 employ\u00e9s \u00e0 votre service Postuler Nos collaborateurs passionn\u00e9s sont toujours \u00e0 votre disposition pour vous aider.Afin de traiter des milliers de clients de mani\u00e8re \u00e9quitable et correcte, nous vous [&hellip;]<\/p>\n","protected":false},"author":1,"featured_media":0,"parent":0,"menu_order":0,"comment_status":"closed","ping_status":"closed","template":"elementor_header_footer","meta":{"footnotes":""},"class_list":["post-1445","page","type-page","status-publish","hentry"],"_links":{"self":[{"href":"https:\/\/service.salesmakers.be\/fr\/wp-json\/wp\/v2\/pages\/1445","targetHints":{"allow":["GET"]}}],"collection":[{"href":"https:\/\/service.salesmakers.be\/fr\/wp-json\/wp\/v2\/pages"}],"about":[{"href":"https:\/\/service.salesmakers.be\/fr\/wp-json\/wp\/v2\/types\/page"}],"author":[{"embeddable":true,"href":"https:\/\/service.salesmakers.be\/fr\/wp-json\/wp\/v2\/users\/1"}],"replies":[{"embeddable":true,"href":"https:\/\/service.salesmakers.be\/fr\/wp-json\/wp\/v2\/comments?post=1445"}],"version-history":[{"count":10,"href":"https:\/\/service.salesmakers.be\/fr\/wp-json\/wp\/v2\/pages\/1445\/revisions"}],"predecessor-version":[{"id":1504,"href":"https:\/\/service.salesmakers.be\/fr\/wp-json\/wp\/v2\/pages\/1445\/revisions\/1504"}],"wp:attachment":[{"href":"https:\/\/service.salesmakers.be\/fr\/wp-json\/wp\/v2\/media?parent=1445"}],"curies":[{"name":"wp","href":"https:\/\/api.w.org\/{rel}","templated":true}]}}